{"id":11,"date":"2026-03-04T09:25:03","date_gmt":"2026-03-04T08:25:03","guid":{"rendered":"http:\/\/vianiassicura.it\/?page_id=11"},"modified":"2026-03-27T08:42:12","modified_gmt":"2026-03-27T07:42:12","slug":"home","status":"publish","type":"page","link":"https:\/\/vianiassicura.it\/","title":{"rendered":"Home"},"content":{"rendered":"<p><img decoding=\"async\" src=\"\/wp-content\/uploads\/2026\/03\/Viani-logo-alta.jpg\" alt=\"\"><\/p>\n<h3>Contatti<\/h3>\n<ul>\n<li>\n<div>\u260e\ufe0f Tel: <a href=\"tel:0458103331\"><u>0458103331<\/u><\/a><\/div>\n<\/li>\n<li>\n<div>\u2709\ufe0f Email: <a href=\"mailto:info@vianiassicura.it\"><u>info@vianiassicura.it<\/u><\/a><\/div>\n<\/li>\n<li>\n<div>\u2709\ufe0f PEC: <a href=\"mailto:viani@legalmail.it\"><u>viani@legalmail.it<\/u><\/a><\/div>\n<\/li>\n<\/ul>\n<h3>Sedi<\/h3>\n<ul>\n<li>\n<div>\ud83d\udccdVia Albere 10 &#8211; Sede Principale<\/div>\n<\/li>\n<li>\n<div>\ud83d\udccdVia Albere 20 &#8211; Sede Secondaria<\/div>\n<\/li>\n<\/ul>\n<h3>Orari<\/h3>\n<ul>\n<li>\n<p><a href=\"#\"><strong>Da Luned\u00ec a Gioved\u00ec:<\/strong> <br \/>8:30 \u2013 13:00 e 14:30 \u2013 17:30<\/a><\/p>\n<\/li>\n<li>\n<p><a href=\"#\"><strong>Il Venerd\u00ec:<\/strong><br \/>8:30 \u2013 15:30 orario continuato<\/a><\/p>\n<\/li>\n<\/ul>\n<div>\n<p>    <iframe src=\"https:\/\/www.google.com\/maps\/embed?pb=!1m18!1m12!1m3!1d4988.690753809375!2d10.97369901307684!3d45.43336923254199!2m3!1f0!2f0!3f0!3m2!1i1024!2i768!4f13.1!3m3!1m2!1s0x477f5f78b129e2f3%3A0x7d40d7dce9176182!2sViani%20Assicurazioni!5e0!3m2!1sit!2sit!4v1772614092355!5m2!1sit!2sit\" width=\"100%\" height=\"300\" style=\"border:0;\" allowfullscreen=\"\" loading=\"lazy\" referrerpolicy=\"no-referrer-when-downgrade\"><\/iframe>\n<\/div>\n<h3>Documenti<\/h3>\n<ul>\n<li>\n<p>\n        <a href=\"\/wp-content\/uploads\/2026\/03\/Informativa-fornitori.pdf\">Informativa fornitori<\/a>\n    <\/p>\n<\/li>\n<li>\n<p>\n        <a href=\"\/wp-content\/uploads\/2026\/03\/IBA-provvigioni_RCA-all-1.pdf\">IBA provvigioni RCA<\/a>\n    <\/p>\n<\/li>\n<li>\n<p>\n        <a href=\"\/wp-content\/uploads\/2026\/03\/modalita-reclami.pdf\">Modalit\u00e0 Reclami<\/a>\n    <\/p>\n<\/li>\n<li>\n<p>\n        <a href=\"\/wp-content\/uploads\/2026\/03\/MUP.pdf\">MUP<\/a>\n    <\/p>\n<\/li>\n<li>\n<p>\n        <a href=\"\/wp-content\/uploads\/2026\/03\/2026_Procedura.pdf\">Procedura Wistleblowing<\/a>\n    <\/p>\n<\/li>\n<\/ul>\n<div><span style=\"display:block; width:80%; margin-left:10%; margin-right:10%;\"><br \/>\n  Si informa la gentile clientela che la Societ\u00e0 Viani Assicurazioni SRL iscritta al RUI tenuto da IVASS in Sez. A al n. A000052961 \u00e8 completamente estranea all&#8217;attivit\u00e0 riconducibile al sito www.vianiassicurazioni.com che reca indebitamente alcuni riferimenti dei dati identificativi della nostra societ\u00e0 che non propone coperture assicurative on-line.<br \/>\n  Informiamo altres\u00ec che sono state interessate al riguardo le Autorit\u00e0 competenti per la tutela dei diritti dei clienti.<br \/>\n<\/span><\/div>\n<div>Potete verificare la nostra iscrizione al registro unico degli intermediari assicurativi al seguente link <a href=\"https:\/\/ruipubblico.ivass.it\/rui-pubblica\/ng\/#\/home\"><u>https:\/\/ruipubblico.ivass.it\/rui-pubblica\/ng\/#\/home.<\/u><\/a> <br \/>\nPer reclami potete contattarci all&#8217;indirizzo e-mail <a href=\"mailto:info@vianiassicura.it.\"><u>info@vianiassicura.it.<\/u><\/a><\/p>\n<\/div>\n<div>Cod. Fisc. e P.iva: 02549380232 &#8211; Cap.Ver: \u20ac 26.000,00<br \/>\nResp.intermediazione Luca Viani<\/div>\n<div>\n<p><a href=\"https:\/\/www.iubenda.com\/privacy-policy\/16792502\" target=\"_blank\"><u>Privacy Policy<\/u><\/a> e <a href=\"https:\/\/www.iubenda.com\/privacy-policy\/16792502\/cookie-policy\" target=\"_blank\"><u>Cookie Policy<\/u><\/a><\/p>\n<\/div>\n<div>\n<p>\u00a9 2026 Viani Assicurazioni \u00e8 intermediario assicurativo soggetto al controllo IVASS. All right deserved. Powered by <a href=\"https:\/\/noratech.it\" target=\"_blank\"><u>Noratech<\/u><\/a><\/p>\n<\/div>\n<p><!--more--><br \/>\n<!-- {\"type\":\"layout\",\"children\":[{\"name\":\"Footer\",\"type\":\"section\",\"props\":{\"height\":\"viewport\",\"image_position\":\"center-center\",\"image_size\":\"cover\",\"style\":\"\",\"title_breakpoint\":\"xl\",\"title_position\":\"top-left\",\"title_rotation\":\"left\",\"vertical_align\":\"\",\"width\":\"\"},\"children\":[{\"type\":\"row\",\"children\":[{\"type\":\"column\",\"props\":{\"image_position\":\"center-center\",\"position_sticky_breakpoint\":\"m\"},\"children\":[{\"type\":\"image\",\"props\":{\"image\":\"wp-content\/uploads\/2026\/03\/Viani-logo-alta.jpg\",\"image_height\":150,\"image_svg_color\":\"emphasis\",\"image_width\":552,\"margin_bottom\":\"\",\"margin_top\":\"default\",\"text_align\":\"center\",\"text_align_breakpoint\":\"s\",\"text_align_fallback\":\"center\"}}]}],\"props\":{\"margin_bottom\":\"medium\",\"margin_top\":\"default\"}},{\"type\":\"row\",\"props\":{\"column_gap\":\"collapse\",\"layout\":\"1-3,1-3,1-3\",\"margin_bottom\":\"xlarge\",\"margin_top\":\"xlarge\"},\"children\":[{\"type\":\"column\",\"props\":{\"image_position\":\"center-center\",\"position_sticky_breakpoint\":\"m\",\"width_medium\":\"1-3\"},\"children\":[{\"type\":\"headline\",\"props\":{\"content\":\"Contatti\",\"image_align\":\"left\",\"image_margin\":\"xsmall\",\"margin_bottom\":\"remove\",\"text_align\":\"center\",\"title_element\":\"h3\",\"title_style\":\"h5\"}},{\"type\":\"list\",\"props\":{\"column_breakpoint\":\"m\",\"image_align\":\"left\",\"image_svg_color\":\"emphasis\",\"image_vertical_align\":true,\"link_style\":\"text\",\"list_element\":\"ul\",\"list_horizontal_separator\":\", \",\"list_size\":\"collapse\",\"list_type\":\"vertical\",\"margin_bottom\":\"default\",\"margin_top\":\"small\",\"show_image\":true,\"show_link\":true,\"text_align\":\"center\"},\"children\":[{\"type\":\"list_item\",\"props\":{\"content\":\"\u260e\ufe0f Tel: <a href=\\\"tel:0458103331\\\"><u>0458103331<\/u><\/a>\",\"icon\":\"\",\"image_svg_color\":\"emphasis\"}},{\"type\":\"list_item\",\"props\":{\"content\":\"\u2709\ufe0f Email: <a href=\\\"mailto:info@vianiassicura.it\\\"><u>info@vianiassicura.it<\/u><\/a>\"}},{\"type\":\"list_item\",\"props\":{\"content\":\"\u2709\ufe0f PEC: <a href=\\\"mailto:viani@legalmail.it\\\"><u>viani@legalmail.it<\/u><\/a>\"}}]}]},{\"type\":\"column\",\"props\":{\"image_position\":\"center-center\",\"position_sticky_breakpoint\":\"m\",\"width_medium\":\"1-3\"},\"children\":[{\"type\":\"headline\",\"props\":{\"content\":\"Sedi\",\"image_align\":\"left\",\"image_margin\":\"xsmall\",\"margin_bottom\":\"remove\",\"margin_top\":\"medium\",\"text_align\":\"center\",\"title_element\":\"h3\",\"title_style\":\"h5\"}},{\"type\":\"list\",\"props\":{\"column_breakpoint\":\"m\",\"image_align\":\"left\",\"image_svg_color\":\"emphasis\",\"image_vertical_align\":true,\"link_style\":\"text\",\"list_element\":\"ul\",\"list_horizontal_separator\":\", \",\"list_type\":\"vertical\",\"margin_bottom\":\"medium\",\"margin_top\":\"small\",\"show_image\":true,\"show_link\":true,\"text_align\":\"center\"},\"children\":[{\"type\":\"list_item\",\"props\":{\"content\":\"\ud83d\udccdVia Albere 10 - Sede Principale\"}},{\"type\":\"list_item\",\"props\":{\"content\":\"\ud83d\udccdVia Albere 20 - Sede Secondaria\"}}]}]},{\"type\":\"column\",\"props\":{\"image_position\":\"center-center\",\"position_sticky_breakpoint\":\"m\",\"width_medium\":\"1-3\"},\"children\":[{\"type\":\"headline\",\"props\":{\"content\":\"Orari\",\"image_align\":\"left\",\"image_margin\":\"xsmall\",\"margin_bottom\":\"remove\",\"text_align\":\"center\",\"title_element\":\"h3\",\"title_style\":\"h5\"}},{\"type\":\"list\",\"props\":{\"column_breakpoint\":\"m\",\"image_align\":\"left\",\"image_svg_color\":\"emphasis\",\"image_vertical_align\":true,\"link_style\":\"text\",\"list_element\":\"ul\",\"list_horizontal_separator\":\", \",\"list_type\":\"vertical\",\"margin_bottom\":\"medium\",\"margin_top\":\"small\",\"show_image\":true,\"show_link\":false,\"text_align\":\"center\"},\"children\":[{\"type\":\"list_item\",\"props\":{\"content\":\"<strong>Da Luned\u00ec a Gioved\u00ec:<\/strong> <br \/>8:30 \u2013 13:00 e 14:30 \u2013 17:30\",\"link\":\"#\"}},{\"type\":\"list_item\",\"props\":{\"content\":\"<strong>Il Venerd\u00ec:<\/strong><br \/>8:30 \u2013 15:30 orario continuato\",\"link\":\"#\"}}]}]}]},{\"type\":\"row\",\"children\":[{\"type\":\"column\",\"props\":{\"image_position\":\"center-center\",\"position_sticky_breakpoint\":\"m\"},\"children\":[{\"type\":\"html\",\"props\":{\"content\":\"<iframe src=\\\"https:\/\/www.google.com\/maps\/embed?pb=!1m18!1m12!1m3!1d4988.690753809375!2d10.97369901307684!3d45.43336923254199!2m3!1f0!2f0!3f0!3m2!1i1024!2i768!4f13.1!3m3!1m2!1s0x477f5f78b129e2f3%3A0x7d40d7dce9176182!2sViani%20Assicurazioni!5e0!3m2!1sit!2sit!4v1772614092355!5m2!1sit!2sit\\\" width=\\\"100%\\\" height=\\\"300\\\" style=\\\"border:0;\\\" allowfullscreen=\\\"\\\" loading=\\\"lazy\\\" referrerpolicy=\\\"no-referrer-when-downgrade\\\"><\/iframe>\"}}]}]}]},{\"name\":\"Footer\",\"type\":\"section\",\"props\":{\"image_position\":\"center-center\",\"image_size\":\"cover\",\"padding_top\":\"xsmall\",\"sticky\":\"reveal\",\"style\":\"\",\"title_breakpoint\":\"xl\",\"title_position\":\"top-left\",\"title_rotation\":\"left\",\"vertical_align\":\"\",\"width\":\"\"},\"children\":[{\"type\":\"row\",\"props\":{\"margin_top\":\"large\"},\"children\":[{\"type\":\"column\",\"props\":{\"image_position\":\"center-center\",\"position_sticky_breakpoint\":\"m\"},\"children\":[{\"type\":\"headline\",\"props\":{\"content\":\"Documenti\",\"image_align\":\"left\",\"image_margin\":\"xsmall\",\"margin_bottom\":\"medium\",\"text_align\":\"center\",\"title_element\":\"h3\",\"title_style\":\"h4\",\"title_text_stroke\":false}},{\"type\":\"button\",\"props\":{\"grid_column_gap\":\"large\",\"grid_row_gap\":\"small\",\"margin_bottom\":\"default\",\"margin_top\":\"default\",\"text_align\":\"center\"},\"children\":[{\"type\":\"button_item\",\"props\":{\"button_style\":\"default\",\"content\":\"Informativa fornitori\",\"dialog_layout\":\"modal\",\"dialog_offcanvas_flip\":true,\"icon_align\":\"left\",\"link\":\"wp-content\/uploads\/2026\/03\/Informativa-fornitori.pdf\",\"link_target\":true}},{\"type\":\"button_item\",\"props\":{\"button_style\":\"default\",\"content\":\"IBA provvigioni RCA\",\"dialog_layout\":\"modal\",\"dialog_offcanvas_flip\":true,\"icon_align\":\"left\",\"link\":\"wp-content\/uploads\/2026\/03\/IBA-provvigioni_RCA-all-1.pdf\",\"link_target\":true}},{\"type\":\"button_item\",\"props\":{\"button_style\":\"default\",\"content\":\"Modalit\u00e0 Reclami\",\"dialog_layout\":\"modal\",\"dialog_offcanvas_flip\":true,\"icon_align\":\"left\",\"link\":\"wp-content\/uploads\/2026\/03\/modalita-reclami.pdf\",\"link_target\":true}},{\"type\":\"button_item\",\"props\":{\"button_style\":\"default\",\"content\":\"MUP\",\"dialog_layout\":\"modal\",\"dialog_offcanvas_flip\":true,\"icon_align\":\"left\",\"link\":\"wp-content\/uploads\/2026\/03\/MUP.pdf\",\"link_target\":true}},{\"type\":\"button_item\",\"props\":{\"button_style\":\"default\",\"content\":\"Procedura Wistleblowing\",\"dialog_layout\":\"modal\",\"dialog_offcanvas_flip\":true,\"icon_align\":\"left\",\"link\":\"wp-content\/uploads\/2026\/03\/2026_Procedura.pdf\",\"link_target\":true}}]},{\"type\":\"text\",\"props\":{\"column_breakpoint\":\"m\",\"content\":\"<span style=\\\"display:block; width:80%; margin-left:10%; margin-right:10%;\\\">\\n  Si informa la gentile clientela che la Societ\u00e0 Viani Assicurazioni SRL iscritta al RUI tenuto da IVASS in Sez. A al n. A000052961 \u00e8 completamente estranea all'attivit\u00e0 riconducibile al sito www.vianiassicurazioni.com che reca indebitamente alcuni riferimenti dei dati identificativi della nostra societ\u00e0 che non propone coperture assicurative on-line.\\n  Informiamo altres\u00ec che sono state interessate al riguardo le Autorit\u00e0 competenti per la tutela dei diritti dei clienti.\\n<\/span>\",\"margin_bottom\":\"\",\"margin_top\":\"medium\",\"text_align\":\"center\",\"text_color\":\"emphasis\",\"text_style\":\"meta\"}}]}]}]},{\"type\":\"section\",\"props\":{\"image_position\":\"center-center\",\"padding_bottom\":\"xsmall\",\"style\":\"muted\",\"title_breakpoint\":\"xl\",\"title_position\":\"top-left\",\"title_rotation\":\"left\",\"vertical_align\":\"middle\",\"width\":\"default\"},\"children\":[{\"type\":\"row\",\"props\":{\"column_gap\":\"small\",\"margin_bottom\":\"remove\",\"margin_top\":\"medium\",\"row_gap\":\"small\"},\"children\":[{\"type\":\"column\",\"props\":{\"image_position\":\"center-center\",\"position_sticky_breakpoint\":\"m\"},\"children\":[{\"type\":\"text\",\"props\":{\"column_breakpoint\":\"m\",\"content\":\"Potete verificare la nostra iscrizione al registro unico degli intermediari assicurativi al seguente link <a href=\\\"https:\/\/ruipubblico.ivass.it\/rui-pubblica\/ng\/#\/home\\\"><u>https:\/\/ruipubblico.ivass.it\/rui-pubblica\/ng\/#\/home.<\/u><\/a> <br \/>\\nPer reclami potete contattarci all'indirizzo e-mail <a href=\\\"mailto:info@vianiassicura.it.\\\"><u>info@vianiassicura.it.<\/u><\/a><\/p>\n\n\",\"margin_bottom\":\"\",\"margin_top\":\"small\",\"text_align\":\"center\",\"text_color\":\"emphasis\",\"text_style\":\"small\"}},{\"type\":\"text\",\"props\":{\"column_breakpoint\":\"m\",\"content\":\"<br \/>Cod. Fisc. e P.iva: 02549380232 - Cap.Ver: \u20ac 26.000,00<br \/>\\nResp.intermediazione Luca Viani\",\"margin_bottom\":\"\",\"margin_top\":\"\",\"text_align\":\"center\",\"text_color\":\"emphasis\",\"text_style\":\"small\"}},{\"type\":\"text\",\"props\":{\"column_breakpoint\":\"m\",\"content\":\"\",\"margin_bottom\":\"\",\"margin_top\":\"\",\"text_align\":\"center\",\"text_color\":\"emphasis\",\"text_style\":\"small\"}}]}]},{\"type\":\"row\",\"children\":[{\"type\":\"column\",\"props\":{\"image_position\":\"center-center\",\"position_sticky_breakpoint\":\"m\"},\"children\":[{\"type\":\"text\",\"props\":{\"column_breakpoint\":\"m\",\"content\":\"\n\n<p><a href=\\\"https:\/\/www.iubenda.com\/privacy-policy\/16792502\\\" target=\\\"_blank\\\"><u>Privacy Policy<\/u><\/a> e <a href=\\\"https:\/\/www.iubenda.com\/privacy-policy\/16792502\/cookie-policy\\\" target=\\\"_blank\\\"><u>Cookie Policy<\/u><\/a><\/p>\n\n\",\"margin_bottom\":\"default\",\"margin_top\":\"default\",\"text_align\":\"center\"}},{\"type\":\"text\",\"props\":{\"column_breakpoint\":\"m\",\"content\":\"\n\n<p>\u00a9 2026 Viani Assicurazioni \u00e8 intermediario assicurativo soggetto al controllo IVASS. All right deserved. Powered by <a href=\\\"https:\/\/noratech.it\\\" target=\\\"_blank\\\"><u>Noratech<\/u><\/a><\/p>\n\n\",\"margin_bottom\":\"default\",\"margin_top\":\"default\",\"text_align\":\"center\",\"text_color\":\"emphasis\",\"text_style\":\"meta\"}}]}]}]}],\"version\":\"5.0.25\"} --><\/p>\n","protected":false},"excerpt":{"rendered":"<p>Contatti \u260e\ufe0f Tel: 0458103331 \u2709\ufe0f Email: info@vianiassicura.it \u2709\ufe0f PEC: viani@legalmail.it Sedi \ud83d\udccdVia Albere 10 &#8211; Sede Principale \ud83d\udccdVia Albere 20 &#8211; Sede Secondaria Orari Da Luned\u00ec a Gioved\u00ec: 8:30 \u2013 13:00 e 14:30 \u2013 17:30 Il Venerd\u00ec:8:30 \u2013 15:30 orario continuato Documenti Informativa fornitori IBA provvigioni RCA Modalit\u00e0 Reclami MUP Procedura Wistleblowing Si informa la [&hellip;]<\/p>\n","protected":false},"author":1,"featured_media":0,"parent":0,"menu_order":0,"comment_status":"closed","ping_status":"closed","template":"","meta":{"footnotes":""},"class_list":["post-11","page","type-page","status-publish","hentry"],"yoast_head":"<!-- This site is optimized with the Yoast SEO plugin v27.2 - https:\/\/yoast.com\/product\/yoast-seo-wordpress\/ -->\n<title>Home - Viani Assicurazioni - Agenzia Assicurazioni Veronese<\/title>\n<meta name=\"robots\" content=\"index, follow, max-snippet:-1, max-image-preview:large, max-video-preview:-1\" \/>\n<link rel=\"canonical\" href=\"https:\/\/vianiassicura.it\/\" \/>\n<meta property=\"og:locale\" content=\"it_IT\" \/>\n<meta property=\"og:type\" content=\"article\" \/>\n<meta property=\"og:title\" content=\"Home - Viani Assicurazioni - Agenzia Assicurazioni Veronese\" \/>\n<meta property=\"og:description\" content=\"Contatti \u260e\ufe0f Tel: 0458103331 \u2709\ufe0f Email: info@vianiassicura.it \u2709\ufe0f PEC: viani@legalmail.it Sedi \ud83d\udccdVia Albere 10 &#8211; Sede Principale \ud83d\udccdVia Albere 20 &#8211; Sede Secondaria Orari Da Luned\u00ec a Gioved\u00ec: 8:30 \u2013 13:00 e 14:30 \u2013 17:30 Il Venerd\u00ec:8:30 \u2013 15:30 orario continuato Documenti Informativa fornitori IBA provvigioni RCA Modalit\u00e0 Reclami MUP Procedura Wistleblowing Si informa la [&hellip;]\" \/>\n<meta property=\"og:url\" content=\"https:\/\/vianiassicura.it\/\" \/>\n<meta property=\"og:site_name\" content=\"Viani Assicurazioni - Agenzia Assicurazioni Veronese\" \/>\n<meta property=\"article:modified_time\" content=\"2026-03-27T07:42:12+00:00\" \/>\n<meta name=\"twitter:card\" content=\"summary_large_image\" \/>\n<script type=\"application\/ld+json\" class=\"yoast-schema-graph\">{\"@context\":\"https:\/\/schema.org\",\"@graph\":[{\"@type\":\"WebPage\",\"@id\":\"https:\/\/vianiassicura.it\/\",\"url\":\"https:\/\/vianiassicura.it\/\",\"name\":\"Home - Viani Assicurazioni - Agenzia Assicurazioni Veronese\",\"isPartOf\":{\"@id\":\"https:\/\/vianiassicura.it\/#website\"},\"datePublished\":\"2026-03-04T08:25:03+00:00\",\"dateModified\":\"2026-03-27T07:42:12+00:00\",\"breadcrumb\":{\"@id\":\"https:\/\/vianiassicura.it\/#breadcrumb\"},\"inLanguage\":\"it-IT\",\"potentialAction\":[{\"@type\":\"ReadAction\",\"target\":[\"https:\/\/vianiassicura.it\/\"]}]},{\"@type\":\"BreadcrumbList\",\"@id\":\"https:\/\/vianiassicura.it\/#breadcrumb\",\"itemListElement\":[{\"@type\":\"ListItem\",\"position\":1,\"name\":\"Home\",\"item\":\"https:\/\/vianiassicura.it\/\"},{\"@type\":\"ListItem\",\"position\":2,\"name\":\"Home\"}]},{\"@type\":\"WebSite\",\"@id\":\"https:\/\/vianiassicura.it\/#website\",\"url\":\"https:\/\/vianiassicura.it\/\",\"name\":\"Viani Assicurazioni - Agenzia Assicurazioni Veronese\",\"description\":\"\",\"potentialAction\":[{\"@type\":\"SearchAction\",\"target\":{\"@type\":\"EntryPoint\",\"urlTemplate\":\"https:\/\/vianiassicura.it\/?s={search_term_string}\"},\"query-input\":{\"@type\":\"PropertyValueSpecification\",\"valueRequired\":true,\"valueName\":\"search_term_string\"}}],\"inLanguage\":\"it-IT\"}]}<\/script>\n<!-- \/ Yoast SEO plugin. -->","yoast_head_json":{"title":"Home - Viani Assicurazioni - Agenzia Assicurazioni Veronese","robots":{"index":"index","follow":"follow","max-snippet":"max-snippet:-1","max-image-preview":"max-image-preview:large","max-video-preview":"max-video-preview:-1"},"canonical":"https:\/\/vianiassicura.it\/","og_locale":"it_IT","og_type":"article","og_title":"Home - Viani Assicurazioni - Agenzia Assicurazioni Veronese","og_description":"Contatti \u260e\ufe0f Tel: 0458103331 \u2709\ufe0f Email: info@vianiassicura.it \u2709\ufe0f PEC: viani@legalmail.it Sedi \ud83d\udccdVia Albere 10 &#8211; Sede Principale \ud83d\udccdVia Albere 20 &#8211; Sede Secondaria Orari Da Luned\u00ec a Gioved\u00ec: 8:30 \u2013 13:00 e 14:30 \u2013 17:30 Il Venerd\u00ec:8:30 \u2013 15:30 orario continuato Documenti Informativa fornitori IBA provvigioni RCA Modalit\u00e0 Reclami MUP Procedura Wistleblowing Si informa la [&hellip;]","og_url":"https:\/\/vianiassicura.it\/","og_site_name":"Viani Assicurazioni - Agenzia Assicurazioni Veronese","article_modified_time":"2026-03-27T07:42:12+00:00","twitter_card":"summary_large_image","schema":{"@context":"https:\/\/schema.org","@graph":[{"@type":"WebPage","@id":"https:\/\/vianiassicura.it\/","url":"https:\/\/vianiassicura.it\/","name":"Home - Viani Assicurazioni - Agenzia Assicurazioni Veronese","isPartOf":{"@id":"https:\/\/vianiassicura.it\/#website"},"datePublished":"2026-03-04T08:25:03+00:00","dateModified":"2026-03-27T07:42:12+00:00","breadcrumb":{"@id":"https:\/\/vianiassicura.it\/#breadcrumb"},"inLanguage":"it-IT","potentialAction":[{"@type":"ReadAction","target":["https:\/\/vianiassicura.it\/"]}]},{"@type":"BreadcrumbList","@id":"https:\/\/vianiassicura.it\/#breadcrumb","itemListElement":[{"@type":"ListItem","position":1,"name":"Home","item":"https:\/\/vianiassicura.it\/"},{"@type":"ListItem","position":2,"name":"Home"}]},{"@type":"WebSite","@id":"https:\/\/vianiassicura.it\/#website","url":"https:\/\/vianiassicura.it\/","name":"Viani Assicurazioni - Agenzia Assicurazioni Veronese","description":"","potentialAction":[{"@type":"SearchAction","target":{"@type":"EntryPoint","urlTemplate":"https:\/\/vianiassicura.it\/?s={search_term_string}"},"query-input":{"@type":"PropertyValueSpecification","valueRequired":true,"valueName":"search_term_string"}}],"inLanguage":"it-IT"}]}},"_links":{"self":[{"href":"https:\/\/vianiassicura.it\/index.php?rest_route=\/wp\/v2\/pages\/11","targetHints":{"allow":["GET"]}}],"collection":[{"href":"https:\/\/vianiassicura.it\/index.php?rest_route=\/wp\/v2\/pages"}],"about":[{"href":"https:\/\/vianiassicura.it\/index.php?rest_route=\/wp\/v2\/types\/page"}],"author":[{"embeddable":true,"href":"https:\/\/vianiassicura.it\/index.php?rest_route=\/wp\/v2\/users\/1"}],"replies":[{"embeddable":true,"href":"https:\/\/vianiassicura.it\/index.php?rest_route=%2Fwp%2Fv2%2Fcomments&post=11"}],"version-history":[{"count":152,"href":"https:\/\/vianiassicura.it\/index.php?rest_route=\/wp\/v2\/pages\/11\/revisions"}],"predecessor-version":[{"id":170,"href":"https:\/\/vianiassicura.it\/index.php?rest_route=\/wp\/v2\/pages\/11\/revisions\/170"}],"wp:attachment":[{"href":"https:\/\/vianiassicura.it\/index.php?rest_route=%2Fwp%2Fv2%2Fmedia&parent=11"}],"curies":[{"name":"wp","href":"https:\/\/api.w.org\/{rel}","templated":true}]}}